{"id":256,"date":"2025-09-23T12:36:28","date_gmt":"2025-09-23T11:36:28","guid":{"rendered":"https:\/\/psyklev.fr\/?page_id=256"},"modified":"2025-11-26T17:53:23","modified_gmt":"2025-11-26T16:53:23","slug":"prendre-rendez-vous","status":"publish","type":"page","link":"https:\/\/psyklev.fr\/index.php\/klev-psychologue\/prendre-rendez-vous\/","title":{"rendered":"Prendre rendez-vous"},"content":{"rendered":"\n<p><a href=\"https:\/\/psyklev.fr\/index.php\/qui-je-suis\/\" data-type=\"page\" data-id=\"14\">Qui je suis<\/a>, <a href=\"https:\/\/psyklev.fr\/index.php\/comment-je-travaille\/\" data-type=\"page\" data-id=\"15\">comment je travaille<\/a> et <a href=\"https:\/\/psyklev.fr\/index.php\/en-pratique\/\" data-type=\"page\" data-id=\"17\">comment je vous re\u00e7ois et le tarif<\/a> vous donne l&rsquo;impression que je peux \u00eatre la bonne personne pour vous aider&nbsp;?<\/p>\n\n\n\n<p class=\"is-style-text-subtitle is-style-text-subtitle--1\">Le formulaire ci-dessous permet de m&rsquo;envoyer une demande de rendez-vous.<\/p>\n\n\n\n<p><strong>Mon d\u00e9lai moyen de temps de r\u00e9ponse peut varier.<\/strong> Je consulte les nouvelles demandes une fois par semaine.<\/p>\n\n\n\n<p>Apr\u00e8s avoir lu votre demande, <strong>je vous contacte par mail ou SMS pour convenir d&rsquo;un premier rendez-vous<\/strong>. Si je n&rsquo;ai pas de disponibilit\u00e9 actuellement, je vous en informe et vous inscris sur ma liste d&rsquo;attente.<\/p>\n\n\n\n<ul class=\"wp-block-list\">\n<li><strong>Si vous ou un proche \u00eates en d\u00e9tresse et\/ou avez des pens\u00e9es suicidaires<\/strong>\u00a0: le <a href=\"https:\/\/3114.fr\/\" target=\"_blank\" rel=\"noopener\" title=\"\">3114<\/a>\u00a0est disponible 24h\/24 et 7j\/7 ; et le <a href=\"https:\/\/www.sos-amitie.com\/chat\" target=\"_blank\" rel=\"noopener\" title=\"\">chat en ligne de Sos Amiti\u00e9<\/a>\u00a0de 7j\/7 de 13h \u00e0 3h.<\/li>\n\n\n\n<li><strong>En cas d&rsquo;urgence<\/strong>, contacter les <a href=\"https:\/\/www.service-public.gouv.fr\/particuliers\/vosdroits\/F33954\" target=\"_blank\" rel=\"noopener\" title=\"\">urgences<\/a> (appeler le 15 ou \u00e9crire au 114), iels vous aideront \u00e0 \u00e9valuer la situation.<\/li>\n<\/ul>\n\n\n\n<div class=\"wp-block-group alignfull has-accent-2-background-color has-background has-global-padding is-layout-constrained wp-block-group-is-layout-constrained\">\n<div class=\"wp-block-contact-form-7-contact-form-selector\">\n<div class=\"wpcf7 no-js\" id=\"wpcf7-f257-o1\" lang=\"fr-FR\" dir=\"ltr\" data-wpcf7-id=\"257\">\n<div class=\"screen-reader-response\"><p role=\"status\" aria-live=\"polite\" aria-atomic=\"true\"><\/p> <ul><\/ul><\/div>\n<form action=\"\/index.php\/wp-json\/wp\/v2\/pages\/256#wpcf7-f257-o1\" method=\"post\" class=\"wpcf7-form init\" aria-label=\"Formulaire de contact\" novalidate=\"novalidate\" data-status=\"init\">\n<fieldset class=\"hidden-fields-container\"><input type=\"hidden\" name=\"_wpcf7\" value=\"257\" \/><input type=\"hidden\" name=\"_wpcf7_version\" value=\"6.1.5\" \/><input type=\"hidden\" name=\"_wpcf7_locale\" value=\"fr_FR\" \/><input type=\"hidden\" name=\"_wpcf7_unit_tag\" value=\"wpcf7-f257-o1\" \/><input type=\"hidden\" name=\"_wpcf7_container_post\" value=\"0\" \/><input type=\"hidden\" name=\"_wpcf7_posted_data_hash\" value=\"\" \/>\n<\/fieldset>\n<div class=\"wpcf7-turnstile cf-turnstile\" data-sitekey=\"0x4AAAAAAB21yo-G4IQiMfDO\" data-response-field-name=\"_wpcf7_turnstile_response\" data-size=\"compact\" data-theme=\"light\"><\/div>\n<style>\n .bonneLargeur \n {\n width: 100%;\n font-size: 90%\n }\n<\/style>\n<p><label><\/label>\n<\/p>\n<h2>Vos coordonn\u00e9es\n<\/h2>\n<p><label> <b>Nom et pr\u00e9nom (d'usage)<\/b><br \/>\n<span class=\"wpcf7-form-control-wrap\" data-name=\"your-name\"><input size=\"40\" maxlength=\"400\" class=\"wpcf7-form-control wpcf7-text wpcf7-validates-as-required bonneLargeur\" aria-required=\"true\" aria-invalid=\"false\" value=\"\" type=\"text\" name=\"your-name\" \/><\/span> <\/label>\n<\/p>\n<p><label> <b>Pronoms<\/b><br \/>\n<span class=\"wpcf7-form-control-wrap\" data-name=\"pronoms\"><input size=\"40\" maxlength=\"400\" class=\"wpcf7-form-control wpcf7-text wpcf7-validates-as-required bonneLargeur\" aria-required=\"true\" aria-invalid=\"false\" placeholder=\"iel, elle, il, \u00e6l,\u2026\" value=\"\" type=\"text\" name=\"pronoms\" \/><\/span> <\/label>\n<\/p>\n<p><label> <b>E-mail<\/b><br \/>\n<span class=\"wpcf7-form-control-wrap\" data-name=\"your-email\"><input size=\"40\" maxlength=\"400\" class=\"wpcf7-form-control wpcf7-email wpcf7-validates-as-required wpcf7-text wpcf7-validates-as-email bonneLargeur\" aria-required=\"true\" aria-invalid=\"false\" placeholder=\"email@email.org\" value=\"\" type=\"email\" name=\"your-email\" \/><\/span><br \/>\nVous recevrez une copie de votre demande \u00e0 cet e-mail. <\/label>\n<\/p>\n<p><label> <b>T\u00e9l\u00e9phone<\/b><br \/>\n<span class=\"wpcf7-form-control-wrap\" data-name=\"your-tel\"><input size=\"40\" maxlength=\"400\" class=\"wpcf7-form-control wpcf7-tel wpcf7-validates-as-required wpcf7-text wpcf7-validates-as-tel bonneLargeur\" aria-required=\"true\" aria-invalid=\"false\" placeholder=\"+33 06 \u2026\" value=\"\" type=\"tel\" name=\"your-tel\" \/><\/span> <\/label>\n<\/p>\n<p><label> <b>Par quel moyen pr\u00e9f\u00e9rez-vous \u00eatre contact\u00e9\u00b7e\u00b7x\u00a0?<\/b><br \/>\nVous pouvez cochez les deux cases si cela vous est \u00e9gal.<\/label><br \/>\n<span class=\"wpcf7-form-control-wrap\" data-name=\"prefContact\"><span class=\"wpcf7-form-control wpcf7-checkbox wpcf7-validates-as-required\"><span class=\"wpcf7-list-item first\"><input type=\"checkbox\" name=\"prefContact[]\" value=\"E-mail\" \/><span class=\"wpcf7-list-item-label\">E-mail<\/span><\/span><span class=\"wpcf7-list-item last\"><input type=\"checkbox\" name=\"prefContact[]\" value=\"SMS\" \/><span class=\"wpcf7-list-item-label\">SMS<\/span><\/span><\/span><\/span>\n<\/p>\n<p><label><\/label>\n<\/p>\n<h2>Votre demande\n<\/h2>\n<p>N'h\u00e9sitez pas \u00e0 r\u00e9diger cela dans un brouillon. Le contenu de cette page n'est pas sauvegard\u00e9 tant que vous ne l'avez pas envoy\u00e9.<br \/>\n<label><span class=\"wpcf7-form-control-wrap\" data-name=\"your-message\"><textarea cols=\"40\" rows=\"10\" maxlength=\"4000\" class=\"wpcf7-form-control wpcf7-textarea wpcf7-validates-as-required bonneLargeur\" aria-required=\"true\" aria-invalid=\"false\" placeholder=\"D\u00e9crivez ce qui vous conduit \u00e0 faire une demande de rendez-vous : difficult\u00e9s, probl\u00e8mes, demandes\u2026 (4000 caract\u00e8res max)\" name=\"your-message\"><\/textarea><\/span><\/label>\n<\/p>\n<p><input class=\"wpcf7-form-control wpcf7-submit has-spinner wp-block-button__link wp-element-button\" type=\"submit\" value=\"Envoyer ma demande\" \/>\n<\/p><div class=\"wpcf7-response-output\" aria-hidden=\"true\"><\/div>\n<\/form>\n<\/div>\n<\/div>\n<\/div>\n","protected":false},"excerpt":{"rendered":"<p>Qui je suis, comment je travaille et comment je vous re\u00e7ois et le tarif vous donne l&rsquo;impression que je peux \u00eatre la bonne personne pour vous aider&nbsp;? Le formulaire ci-dessous permet de m&rsquo;envoyer une demande de rendez-vous. Mon d\u00e9lai moyen de temps de r\u00e9ponse peut varier. Je consulte les nouvelles demandes une fois par semaine. [&hellip;]<\/p>\n","protected":false},"author":1,"featured_media":0,"parent":2,"menu_order":1,"comment_status":"closed","ping_status":"closed","template":"","meta":{"slim_seo":{"description":"Ce formulaire permet de m'envoyer une demande de rendez-vous.","title":"Prendre rendez-vous - Klev Bockstal psychologue"},"footnotes":""},"class_list":["post-256","page","type-page","status-publish","hentry"],"_links":{"self":[{"href":"https:\/\/psyklev.fr\/index.php\/wp-json\/wp\/v2\/pages\/256","targetHints":{"allow":["GET"]}}],"collection":[{"href":"https:\/\/psyklev.fr\/index.php\/wp-json\/wp\/v2\/pages"}],"about":[{"href":"https:\/\/psyklev.fr\/index.php\/wp-json\/wp\/v2\/types\/page"}],"author":[{"embeddable":true,"href":"https:\/\/psyklev.fr\/index.php\/wp-json\/wp\/v2\/users\/1"}],"replies":[{"embeddable":true,"href":"https:\/\/psyklev.fr\/index.php\/wp-json\/wp\/v2\/comments?post=256"}],"version-history":[{"count":28,"href":"https:\/\/psyklev.fr\/index.php\/wp-json\/wp\/v2\/pages\/256\/revisions"}],"predecessor-version":[{"id":888,"href":"https:\/\/psyklev.fr\/index.php\/wp-json\/wp\/v2\/pages\/256\/revisions\/888"}],"up":[{"embeddable":true,"href":"https:\/\/psyklev.fr\/index.php\/wp-json\/wp\/v2\/pages\/2"}],"wp:attachment":[{"href":"https:\/\/psyklev.fr\/index.php\/wp-json\/wp\/v2\/media?parent=256"}],"curies":[{"name":"wp","href":"https:\/\/api.w.org\/{rel}","templated":true}]}}