{"id":2,"date":"2025-09-02T11:57:15","date_gmt":"2025-09-02T11:57:15","guid":{"rendered":"http:\/\/psyklev.fr\/?page_id=2"},"modified":"2026-01-21T10:48:36","modified_gmt":"2026-01-21T09:48:36","slug":"klev-psychologue","status":"publish","type":"page","link":"https:\/\/psyklev.fr\/","title":{"rendered":"Klev, psychologue"},"content":{"rendered":"\n<div class=\"wp-block-group alignfull has-background has-global-padding is-content-justification-center is-layout-constrained wp-container-core-group-is-layout-c7be6fbc wp-block-group-is-layout-constrained\" style=\"border-style:none;border-width:0px;border-radius:0px;background:linear-gradient(21deg,rgb(234,140,39) 0%,rgb(255,249,230) 100%);margin-bottom:0;padding-top:var(--wp--preset--spacing--30);padding-bottom:var(--wp--preset--spacing--30)\">\n<div class=\"wp-block-columns is-layout-flex wp-container-core-columns-is-layout-b0eb76ef wp-block-columns-is-layout-flex\" style=\"margin-top:0;margin-bottom:0\">\n<div class=\"wp-block-column is-layout-flow wp-container-core-column-is-layout-b108c007 wp-block-column-is-layout-flow\" style=\"padding-right:0;padding-left:0;flex-basis:67%\">\n<h2 class=\"wp-block-heading is-style-text-subtitle has-x-large-font-size is-style-text-subtitle--1\"><strong>Visios<\/strong> pour des personnes <strong>marginalis\u00e9es<\/strong>, pour \u00e0 deux construire (et <strong>d\u00e9construire<\/strong>) des soins <strong>adapt\u00e9s \u00e0 vos besoins<\/strong> et vos v\u00e9cus<\/h2>\n<\/div>\n\n\n\n<div class=\"wp-block-column is-layout-flow wp-container-core-column-is-layout-8a368f38 wp-block-column-is-layout-flow\" style=\"flex-basis:35%\">\n<figure class=\"wp-block-image aligncenter size-large is-resized has-custom-border is-style-default wp-container-content-2f62e668\" style=\"margin-top:0;margin-bottom:0\"><img loading=\"lazy\" decoding=\"async\" width=\"1024\" height=\"1024\" src=\"https:\/\/psyklev.fr\/wp-content\/uploads\/2025\/09\/Avatar-pro-update3re2-2-1024x1024.jpg\" alt=\"\" class=\"wp-image-401\" style=\"border-radius:22px;width:200px\" srcset=\"https:\/\/psyklev.fr\/wp-content\/uploads\/2025\/09\/Avatar-pro-update3re2-2-1024x1024.jpg 1024w, https:\/\/psyklev.fr\/wp-content\/uploads\/2025\/09\/Avatar-pro-update3re2-2-300x300.jpg 300w, https:\/\/psyklev.fr\/wp-content\/uploads\/2025\/09\/Avatar-pro-update3re2-2-150x150.jpg 150w, https:\/\/psyklev.fr\/wp-content\/uploads\/2025\/09\/Avatar-pro-update3re2-2-768x768.jpg 768w, https:\/\/psyklev.fr\/wp-content\/uploads\/2025\/09\/Avatar-pro-update3re2-2-1536x1536.jpg 1536w, https:\/\/psyklev.fr\/wp-content\/uploads\/2025\/09\/Avatar-pro-update3re2-2.jpg 1854w\" sizes=\"auto, (max-width: 1024px) 100vw, 1024px\" \/><\/figure>\n<\/div>\n<\/div>\n<\/div>\n\n\n\n<p class=\"is-style-default\">Consultations de suivi ou de bilan pour adultes<\/p>\n\n\n\n<div class=\"wp-block-group alignfull has-accent-2-background-color has-background has-global-padding is-layout-constrained wp-block-group-is-layout-constrained\">\n<h2 class=\"wp-block-heading\" style=\"font-size:clamp(1.146em, 1.146rem + ((1vw - 0.2em) * 1.026), 1.8em);\">Lorsque je travaille, <strong>je ne range pas mes identit\u00e9s et mes sensibilit\u00e9s au placard<\/strong><\/h2>\n\n\n\n<p style=\"padding-left:var(--wp--preset--spacing--40)\">Mieux : <strong>je travaille avec<\/strong>.<\/p>\n\n\n\n<p style=\"padding-left:var(--wp--preset--spacing--40)\">Je suis <strong>neurodivergent<\/strong>. Je me retrouve dans plusieurs lettres du sigle <strong>LGBTQIA+<\/strong>. Je suis attentif \u00e0 mes <strong>privil\u00e8ges<\/strong>. Et psychologue&nbsp;!<\/p>\n\n\n\n<p style=\"padding-left:var(--wp--preset--spacing--40)\"><a href=\"https:\/\/psyklev.fr\/index.php\/klev-psychologue\/qui-je-suis\/\" title=\"Qui je suis\">En apprendre plus sur qui je suis<\/a><\/p>\n<\/div>\n\n\n\n<div class=\"wp-block-group alignfull has-global-padding is-layout-constrained wp-block-group-is-layout-constrained\">\n<h2 class=\"wp-block-heading\" style=\"font-size:clamp(1.146em, 1.146rem + ((1vw - 0.2em) * 1.026), 1.8em);\">Je travaille d&rsquo;abord <strong>avec vous<\/strong><\/h2>\n\n\n\n<p style=\"padding-left:var(--wp--preset--spacing--40)\">Ce sur quoi<strong> nous travaillons, nos objectifs<\/strong>, leur mise en pratique&nbsp;: <strong>nous pensons et comprenons tout cela ensemble<\/strong><\/p>\n\n\n\n<p style=\"padding-left:var(--wp--preset--spacing--40)\">Fatigue professionnelle \/ charge mentale, douleurs chroniques, difficult\u00e9s sensorielles, difficult\u00e9s relationnelles, questionnement sur son identit\u00e9, naviguer dans le monde actuel,\u2026<\/p>\n\n\n\n<p style=\"padding-left:var(--wp--preset--spacing--40)\">Nous pouvons <strong>tout d\u00e9construire<\/strong>, <strong>naviguer dans ou hors des normes et des oppressions<\/strong> : pour avancer vers ce qui fait sens pour vous de la mani\u00e8re qui fait sens pour vous<\/p>\n\n\n\n<p style=\"padding-left:var(--wp--preset--spacing--40)\"><a href=\"https:\/\/psyklev.fr\/index.php\/klev-psychologue\/comment-je-travaille\/\" title=\"Comment je travaille\">En apprendre plus sur comment je travaille<\/a><\/p>\n<\/div>\n\n\n\n<div class=\"wp-block-group alignfull has-accent-2-background-color has-background has-global-padding is-layout-constrained wp-block-group-is-layout-constrained\">\n<h2 class=\"wp-block-heading\" style=\"font-size:clamp(1.146em, 1.146rem + ((1vw - 0.2em) * 1.026), 1.8em);\">S\u00e9ances en <strong>visio<\/strong><\/h2>\n\n\n\n<p style=\"padding-left:var(--wp--preset--spacing--40)\">Actuellement de <strong>nombreux cr\u00e9neaux sont disponibles chaque mardi<\/strong>. Les tarifs sont de 80\u00a0\u20ac la s\u00e9ance. Les bilans sont \u00e0 400\u20ac le bilan.<\/p>\n\n\n\n<p style=\"padding-left:var(--wp--preset--spacing--40)\"><a href=\"https:\/\/psyklev.fr\/index.php\/klev-psychologue\/en-pratique\/\" title=\"Comment je vous re\u00e7ois\">En apprendre plus sur comment je vous re\u00e7ois<\/a><\/p>\n<\/div>\n\n\n\n<div class=\"wp-block-group alignfull has-global-padding is-layout-constrained wp-block-group-is-layout-constrained\">\n<h2 class=\"wp-block-heading\" style=\"font-size:clamp(1.146em, 1.146rem + ((1vw - 0.2em) * 1.026), 1.8em);\">Prise de rendez-vous<\/h2>\n\n\n\n<p style=\"padding-left:var(--wp--preset--spacing--40)\"><a data-type=\"page\" data-id=\"256\" href=\"https:\/\/psyklev.fr\/index.php\/prendre-rendez-vous\/\">Prendre rendez-vous depuis le site<\/a><\/p>\n<\/div>\n\n\n\n<div class=\"wp-block-group alignfull has-accent-2-background-color has-background has-global-padding is-layout-constrained wp-block-group-is-layout-constrained\">\n<blockquote class=\"wp-block-quote is-layout-flow wp-block-quote-is-layout-flow\">\n<p class=\"is-style-default\" style=\"font-size:clamp(1.193rem, 1.193rem + ((1vw - 0.2rem) * 1.093), 1.89rem);\">\u00ab&nbsp;Prendre <strong>soin de soi ce n&rsquo;est pas de la complaisance<\/strong>, c&rsquo;est de la <strong>pr\u00e9servation de soi<\/strong>, et c&rsquo;est <strong>un acte de guerre politique<\/strong>&nbsp;\u00bb <a data-type=\"link\" data-id=\"https:\/\/fr.wikipedia.org\/wiki\/Audre_Lorde\" href=\"https:\/\/fr.wikipedia.org\/wiki\/Audre_Lorde\" target=\"_blank\" rel=\"noreferrer noopener\">Audre&nbsp;Lorde<\/a><\/p>\n<\/blockquote>\n<\/div>\n","protected":false},"excerpt":{"rendered":"<p>Psy en visio pour des personnes marginalis\u00e9es, pour \u00e0 deux construire (et d\u00e9construire) des soins adapt\u00e9s \u00e0 vos besoins et vos v\u00e9cus<\/p>\n","protected":false},"author":1,"featured_media":0,"parent":0,"menu_order":0,"comment_status":"closed","ping_status":"closed","template":"page-no-title","meta":{"slim_seo":{"description":"Psy en visio pour des personnes marginalis\u00e9es, pour \u00e0 deux construire (et d\u00e9construire) des soins adapt\u00e9s \u00e0 vos besoins et vos v\u00e9cus","title":"Klev Bockstal psychologue"},"footnotes":""},"class_list":["post-2","page","type-page","status-publish","hentry"],"_links":{"self":[{"href":"https:\/\/psyklev.fr\/index.php\/wp-json\/wp\/v2\/pages\/2","targetHints":{"allow":["GET"]}}],"collection":[{"href":"https:\/\/psyklev.fr\/index.php\/wp-json\/wp\/v2\/pages"}],"about":[{"href":"https:\/\/psyklev.fr\/index.php\/wp-json\/wp\/v2\/types\/page"}],"author":[{"embeddable":true,"href":"https:\/\/psyklev.fr\/index.php\/wp-json\/wp\/v2\/users\/1"}],"replies":[{"embeddable":true,"href":"https:\/\/psyklev.fr\/index.php\/wp-json\/wp\/v2\/comments?post=2"}],"version-history":[{"count":186,"href":"https:\/\/psyklev.fr\/index.php\/wp-json\/wp\/v2\/pages\/2\/revisions"}],"predecessor-version":[{"id":941,"href":"https:\/\/psyklev.fr\/index.php\/wp-json\/wp\/v2\/pages\/2\/revisions\/941"}],"wp:attachment":[{"href":"https:\/\/psyklev.fr\/index.php\/wp-json\/wp\/v2\/media?parent=2"}],"curies":[{"name":"wp","href":"https:\/\/api.w.org\/{rel}","templated":true}]}}