{"id":17,"date":"2025-09-02T16:07:23","date_gmt":"2025-09-02T15:07:23","guid":{"rendered":"http:\/\/psyklev.fr\/?page_id=17"},"modified":"2026-01-21T10:47:51","modified_gmt":"2026-01-21T09:47:51","slug":"en-pratique","status":"publish","type":"page","link":"https:\/\/psyklev.fr\/index.php\/klev-psychologue\/en-pratique\/","title":{"rendered":"Comment je vous re\u00e7ois"},"content":{"rendered":"\n<div class=\"wp-block-group alignfull has-global-padding is-layout-constrained wp-block-group-is-layout-constrained\">\n<h2 class=\"wp-block-heading\">Le premier rendez-vous<\/h2>\n\n\n\n<p>La premi\u00e8re rencontre permet <strong>d&rsquo;\u00e9changer autour de vos besoins<\/strong> et <strong>d&rsquo;\u00e9valuer ensemble<\/strong> si je suis la bonne personne pour votre demande.<\/p>\n<\/div>\n\n\n\n<div class=\"wp-block-group alignfull has-accent-2-background-color has-background has-global-padding is-layout-constrained wp-block-group-is-layout-constrained\">\n<h2 class=\"wp-block-heading is-style-default\">Visio<\/h2>\n\n\n\n<p>Je vous re\u00e7ois en <strong>visio<\/strong>. J&rsquo;utilise <a href=\"https:\/\/fr.wikipedia.org\/wiki\/Jitsi\" target=\"_blank\" rel=\"noreferrer noopener\">Jitsi<\/a>, un service d&rsquo;<strong>appels vid\u00e9o s\u00e9curis\u00e9<\/strong>. Je vous envoie le lien pour vous y connecter avant la s\u00e9ance.<\/p>\n\n\n\n<p>Puisque j&rsquo;ai une tablette graphique, je peux faire en direct des <strong>sch\u00e9mas pour illustrer des concepts ou des fonctionnements<\/strong>.<\/p>\n<\/div>\n\n\n\n<div class=\"wp-block-group alignfull has-global-padding is-layout-constrained wp-block-group-is-layout-constrained\">\n<h2 class=\"wp-block-heading\">Ce \u00e0 quoi vous avez droit pendant les s\u00e9ances<\/h2>\n\n\n\n<p>Vous avez droit \u00e0 bien des choses, j&rsquo;ai cependant envie d&rsquo;en mettre en avant certaines, par avance&nbsp;:<\/p>\n\n\n\n<ul class=\"wp-block-list\">\n<li>Vous sentir <strong>l\u00e9gitime<\/strong>\n<ul class=\"wp-block-list\">\n<li>\u00c0 me dire quand je me trompe<\/li>\n\n\n\n<li>\u00c0 me dire si une chose que je dis vous fait du mal<\/li>\n\n\n\n<li>\u00c0 avoir votre v\u00e9cu reconnu et respect\u00e9<\/li>\n<\/ul>\n<\/li>\n\n\n\n<li>Me tutoyer, me vouvoyer<\/li>\n\n\n\n<li>Retirer vos chaussures, vous positionner et <strong>vous tenir comme vous voulez sur votre chaise<\/strong> (m\u00eame \u00ab&nbsp;n&rsquo;importe comment&nbsp;\u00bb : de toute fa\u00e7on, qui va nous voir)<\/li>\n\n\n\n<li>Stimmer (vous auto-stimuler avec des jouets sensoriels, flapper\u2026)<\/li>\n\n\n\n<li>Nous amener \u00e0 une question \u00e0 laquelle je n&rsquo;avais pas r\u00e9fl\u00e9chi, pour allonger cette liste<\/li>\n\n\n\n<li>Et <strong>plein d&rsquo;autres choses encore donc<\/strong> !<\/li>\n<\/ul>\n<\/div>\n\n\n\n<div class=\"wp-block-group alignfull has-accent-2-background-color has-background has-global-padding is-layout-constrained wp-block-group-is-layout-constrained\">\n<h2 class=\"wp-block-heading\">Disponibilit\u00e9s et cr\u00e9neaux<\/h2>\n\n\n\n<p>Les s\u00e9ances de suivi psychologique durent environ 50 minutes<\/p>\n\n\n\n<p>Actuellement, je suis ouvert uniquement le <strong>mardi<\/strong>, \u00e0 :<\/p>\n\n\n\n<ul class=\"wp-block-list\">\n<li style=\"margin-top:var(--wp--preset--spacing--20);margin-bottom:var(--wp--preset--spacing--20)\">8h45<\/li>\n\n\n\n<li style=\"margin-top:var(--wp--preset--spacing--20);margin-bottom:var(--wp--preset--spacing--20)\">10h<\/li>\n\n\n\n<li style=\"margin-top:var(--wp--preset--spacing--20);margin-bottom:var(--wp--preset--spacing--20)\">12h<\/li>\n\n\n\n<li style=\"margin-top:var(--wp--preset--spacing--20);margin-bottom:var(--wp--preset--spacing--20)\">13h15<\/li>\n\n\n\n<li style=\"margin-top:var(--wp--preset--spacing--20);margin-bottom:var(--wp--preset--spacing--20)\">14h45<\/li>\n\n\n\n<li style=\"margin-top:var(--wp--preset--spacing--20);margin-bottom:var(--wp--preset--spacing--20)\">16h<\/li>\n<\/ul>\n\n\n\n<p>(Heure de Paris.)<\/p>\n\n\n\n<p>En <a href=\"https:\/\/www.service-public.fr\/particuliers\/vosdroits\/F31952\" target=\"_blank\" rel=\"noreferrer noopener\">vacances scolaires de la zone C<\/a> ces cr\u00e9neaux sont parfois remplac\u00e9s par d&rsquo;autres disponibilit\u00e9s dans la semaine ou bien report\u00e9s \u00e0 la rentr\u00e9e.<\/p>\n<\/div>\n\n\n\n<div class=\"wp-block-group alignfull has-global-padding is-layout-constrained wp-block-group-is-layout-constrained\">\n<h2 class=\"wp-block-heading\">Les tarifs pour un suivi<\/h2>\n\n\n\n<p>Pour un suivi, le prix est de <strong>80\u20ac par s\u00e9ance<\/strong><\/p>\n<\/div>\n\n\n\n<div class=\"wp-block-group alignfull has-accent-2-background-color has-background has-global-padding is-layout-constrained wp-block-group-is-layout-constrained\">\n<h2 class=\"wp-block-heading\">Le tarif pour un bilan<\/h2>\n\n\n\n<p>Pour une expertise de pr\u00e9-diagnostic \/ de bilan, le tarif est de 400\u00a0\u20ac tout frais compris<\/p>\n\n\n\n<ul class=\"wp-block-list\">\n<li>Peu importe le nombre de s\u00e9ances n\u00e9cessaire<\/li>\n\n\n\n<li>Peu importe les \u00e9valuations et outils utilis\u00e9s<\/li>\n\n\n\n<li>Incluant r\u00e9daction et envoi du compte-rendu \u00e9crit en PDF<\/li>\n<\/ul>\n\n\n\n<p>Je n&rsquo;ai pas toutes les expertises et ne peux pas tout \u00e9valuer&nbsp;: si besoin, nous chercherons \u00e0 qui nous pourrons faire appel.<\/p>\n\n\n\n<p class=\"is-style-default\">\u00c9tant psychologue, je peux poser des <strong>hypoth\u00e8ses diagnostiques<\/strong>. <strong>Pour confirmation d&rsquo;un diagnostic, ces hypoth\u00e8ses doivent ensuite \u00eatre \u00e9valu\u00e9es par un\u00b7e\u00b7x psychiatre<\/strong>. L&rsquo;accompagnement vers un\u00b7e\u00b7x psychiatre sensibilis\u00e9\u00b7e\u00b7x \u00e0 vos sp\u00e9cificit\u00e9s est \u00e9galement une \u00e9tape que nous pouvons r\u00e9fl\u00e9chir ensemble.<\/p>\n<\/div>\n\n\n\n<div class=\"wp-block-group alignfull has-global-padding is-layout-constrained wp-block-group-is-layout-constrained\">\n<h2 class=\"wp-block-heading\">Payement et remboursements<\/h2>\n\n\n\n<ul class=\"wp-block-list\">\n<li>Le paiement est par <strong>virement bancaire<\/strong>. J&rsquo;envoie le RIB\/IBAN par e-mail apr\u00e8s la premi\u00e8re consultation<\/li>\n<\/ul>\n\n\n\n<ul class=\"wp-block-list\">\n<li>Actuellement je ne suis pas en capacit\u00e9 de proposer des tarifs adapt\u00e9s \u00e0 moindre co\u00fbt. Ceux-ci seront propos\u00e9s progressivement au fur et \u00e0 mesure des ann\u00e9es \u00e0 venir.<\/li>\n\n\n\n<li>La s\u00e9curit\u00e9 sociale fran\u00e7aise ne rembourse pas les consultations des psychologues. Certaines compl\u00e9mentaires remboursent une partie, n&rsquo;h\u00e9sitez pas \u00e0 v\u00e9rifier<\/li>\n<\/ul>\n<\/div>\n\n\n\n<div class=\"wp-block-group alignfull has-accent-2-background-color has-background has-global-padding is-layout-constrained wp-block-group-is-layout-constrained\">\n<h2 class=\"wp-block-heading\">Fr\u00e9quence des s\u00e9ances<\/h2>\n\n\n\n<p>Nous \u00e9tablissons le rythme de nos rencontres <strong>selon ce qui fait sens pour vous<\/strong>.<\/p>\n\n\n\n<p>Certains objectifs impliquent des s\u00e9ances plus rapproch\u00e9es. Si c&rsquo;est le cas nous en discuterons pour \u00e9valuer comment nous y adapter en fonction des disponibilit\u00e9s et possibilit\u00e9s de chacun\u00b7e\u00b7x.<\/p>\n\n\n\n<p>Parfois, nous d\u00e9couvrons que ce n&rsquo;est pas le moment pour cet objectif. Parfois, je ne suis pas la bonne personne pour vous accompagner dans cette d\u00e9marche. Si cela arrive, nous r\u00e9fl\u00e9chirons toujours ensemble pour rechercher des alternatives, ou d&rsquo;autres professionnel\u00b7le\u00b7x\u00b7s qui correspondraient au mieux \u00e0 vos besoins et possibilit\u00e9s.<\/p>\n<\/div>\n\n\n\n<div class=\"wp-block-group alignfull has-global-padding is-layout-constrained wp-block-group-is-layout-constrained\">\n<h2 class=\"wp-block-heading\">Disponibilit\u00e9 hors s\u00e9ances<\/h2>\n\n\n\n<p>Par souci de traiter chaque demande correctement, je consulte mes messages un peu plus d&rsquo;<strong>une fois par semaine<\/strong>. Ce que vous pourriez m&rsquo;adresser n&rsquo;est donc<strong> jamais trait\u00e9 sur le moment<\/strong>.<\/p>\n\n\n\n<p>Ainsi il ne m&rsquo;est <strong>pas possible de g\u00e9rer les situations d&rsquo;urgences<\/strong>.<\/p>\n\n\n\n<p>Bien s\u00fbr, si travailler sur ces urgences r\u00e9currentes est important pour vous, nous pouvons&nbsp;:<\/p>\n\n\n\n<ul class=\"wp-block-list\">\n<li>Nous <strong>mettre en lien avec des partenaires<\/strong><\/li>\n\n\n\n<li>R\u00e9fl\u00e9chir \u00e0 des coordonn\u00e9es de personnes que vous pourriez <strong>contacter en cas d&rsquo;urgence<\/strong> (proches, personnes engag\u00e9es, pros)<\/li>\n\n\n\n<li>Et bien s\u00fbr travailler comment g\u00e9rer d&rsquo;\u00e9ventuels <strong>\u00e9pisodes difficiles \u00e0 venir<\/strong>.<\/li>\n<\/ul>\n\n\n\n<p><strong>Si vous ou un proche \u00eates en d\u00e9tresse et\/ou avez des pens\u00e9es suicidaires<\/strong>&nbsp;: le <a href=\"https:\/\/3114.fr\/\" target=\"_blank\" rel=\"noopener\" title=\"\">3114<\/a>&nbsp;est disponible 24h\/24 et 7j\/7 ; et le <a href=\"https:\/\/www.sos-amitie.com\/chat\" target=\"_blank\" rel=\"noopener\" title=\"\">chat en ligne de Sos Amiti\u00e9<\/a>&nbsp;de 7j\/7 de 13h \u00e0 3h.<\/p>\n\n\n\n<p><strong>En cas d&rsquo;urgence<\/strong>, contacter les <a href=\"https:\/\/www.service-public.gouv.fr\/particuliers\/vosdroits\/F33954\" target=\"_blank\" rel=\"noopener\" title=\"\">urgences<\/a> (appeler le 15 ou \u00e9crire au 114), iels vous aideront \u00e0 \u00e9valuer la situation.<\/p>\n<\/div>\n\n\n\n<div class=\"wp-block-group alignfull is-style-section-2 has-global-padding is-layout-constrained wp-block-group-is-layout-constrained is-style-section-2--1\" style=\"border-style:none;border-width:0px;border-radius:0px\">\n<h2 class=\"wp-block-heading is-style-default\">Comment je travaille<\/h2>\n\n\n\n<p>Si vous le souhaitez, vous pouvez en apprendre plus sur <a href=\"https:\/\/psyklev.fr\/index.php\/comment-je-travaille\/\" data-type=\"page\" data-id=\"15\">comment je travaille<\/a>.<\/p>\n<\/div>\n\n\n\n<div class=\"wp-block-group alignfull has-global-padding is-layout-constrained wp-block-group-is-layout-constrained\">\n<h2 class=\"wp-block-heading\">Prendre rendez-vous<\/h2>\n\n\n\n<p>Vous pouvez <a href=\"https:\/\/psyklev.fr\/index.php\/prendre-rendez-vous\/\" data-type=\"page\" data-id=\"256\">prendre rendez-vous<\/a> depuis ce site-web.<\/p>\n<\/div>\n","protected":false},"excerpt":{"rendered":"<p>Le premier rendez-vous La premi\u00e8re rencontre permet d&rsquo;\u00e9changer autour de vos besoins et d&rsquo;\u00e9valuer ensemble si je suis la bonne personne pour votre demande. Visio Je vous re\u00e7ois en visio. J&rsquo;utilise Jitsi, un service d&rsquo;appels vid\u00e9o s\u00e9curis\u00e9. Je vous envoie le lien pour vous y connecter avant la s\u00e9ance. Puisque j&rsquo;ai une tablette graphique, je [&hellip;]<\/p>\n","protected":false},"author":1,"featured_media":0,"parent":2,"menu_order":5,"comment_status":"closed","ping_status":"closed","template":"","meta":{"slim_seo":{"description":"Une premi\u00e8re rencontre nous permet d'\u00e9changer autour de vos besoins, faire connaissance et \u00e9valuer ensemble si je suis la bonne personne pour votre demande.","title":"Comment je vous re\u00e7ois - Klev Bockstal psychologue"},"footnotes":""},"class_list":["post-17","page","type-page","status-publish","hentry"],"_links":{"self":[{"href":"https:\/\/psyklev.fr\/index.php\/wp-json\/wp\/v2\/pages\/17","targetHints":{"allow":["GET"]}}],"collection":[{"href":"https:\/\/psyklev.fr\/index.php\/wp-json\/wp\/v2\/pages"}],"about":[{"href":"https:\/\/psyklev.fr\/index.php\/wp-json\/wp\/v2\/types\/page"}],"author":[{"embeddable":true,"href":"https:\/\/psyklev.fr\/index.php\/wp-json\/wp\/v2\/users\/1"}],"replies":[{"embeddable":true,"href":"https:\/\/psyklev.fr\/index.php\/wp-json\/wp\/v2\/comments?post=17"}],"version-history":[{"count":48,"href":"https:\/\/psyklev.fr\/index.php\/wp-json\/wp\/v2\/pages\/17\/revisions"}],"predecessor-version":[{"id":915,"href":"https:\/\/psyklev.fr\/index.php\/wp-json\/wp\/v2\/pages\/17\/revisions\/915"}],"up":[{"embeddable":true,"href":"https:\/\/psyklev.fr\/index.php\/wp-json\/wp\/v2\/pages\/2"}],"wp:attachment":[{"href":"https:\/\/psyklev.fr\/index.php\/wp-json\/wp\/v2\/media?parent=17"}],"curies":[{"name":"wp","href":"https:\/\/api.w.org\/{rel}","templated":true}]}}