{"id":14,"date":"2025-10-01T18:33:27","date_gmt":"2025-10-01T16:33:27","guid":{"rendered":"http:\/\/psyklev.fr\/?page_id=14"},"modified":"2025-11-19T11:22:53","modified_gmt":"2025-11-19T10:22:53","slug":"qui-je-suis","status":"publish","type":"page","link":"https:\/\/psyklev.fr\/index.php\/klev-psychologue\/qui-je-suis\/","title":{"rendered":"Qui je suis"},"content":{"rendered":"\n<p class=\"is-style-text-subtitle is-style-text-subtitle--1\">Il y a au moins deux niveaux de r\u00e9ponses \u00e0 cette question&nbsp;!<\/p>\n\n\n\n<h2 class=\"wp-block-heading\">1. Je suis psychologue clinicien<\/h2>\n\n\n\n<p>Une activit\u00e9 o\u00f9 il y a <strong>toujours \u00e0 apprendre<\/strong>. J&rsquo;ai <strong>diff\u00e9rentes sources de connaissances et exp\u00e9riences<\/strong>&nbsp;:<\/p>\n\n\n\n<ul class=\"wp-block-list\">\n<li style=\"margin-top:0;margin-bottom:0\"><strong>Les personnes que j&rsquo;accompagne<\/strong><br><strong>Qui serais-je pour penser vous conna\u00eetre mieux que vous&nbsp;?<\/strong> Je ne vis pas votre vie. <strong>Vous \u00eates l&rsquo;expert\u00b7e\u00b7x de vous-m\u00eame<\/strong>. De l\u00e0, d\u00e9coule mon approche tr\u00e8s collaborative en s\u00e9ance et <a data-type=\"page\" data-id=\"15\" href=\"https:\/\/psyklev.fr\/index.php\/comment-je-travaille\/\">comment je travaille<\/a>.<\/li>\n\n\n\n<li><strong>Des formations<\/strong><br>Je suis dipl\u00f4m\u00e9<strong> psychologue clinicien<\/strong> depuis 2020. Cela me permet de me former en autonomie.\n<ul class=\"wp-block-list\">\n<li>Je me forme aux <strong>Th\u00e9rapies Cognitives et Comportementales (TCC)<\/strong>. Notamment via l&rsquo;<a href=\"https:\/\/www.aftcc.org\/qui-sommes-nous\" target=\"_blank\" rel=\"noreferrer noopener\">AFTCC<\/a>.<\/li>\n\n\n\n<li>Je consulte les <strong>t\u00e9moignages<\/strong> et <strong>recommandations<\/strong> de personnes concern\u00e9es et marginalis\u00e9es.<\/li>\n<\/ul>\n<\/li>\n\n\n\n<li><strong>La supervision, l&rsquo;intervision<\/strong><br>Avec d&rsquo;<strong>autres psychologues et travailleureuses du <em>care<\/em><\/strong> en sant\u00e9 mentale, je discute de mes pratiques et difficult\u00e9s \u00e9ventuelles.<\/li>\n<\/ul>\n\n\n\n<div class=\"wp-block-group alignfull is-style-section-2 has-global-padding is-layout-constrained wp-block-group-is-layout-constrained is-style-section-2--2\">\n<h2 class=\"wp-block-heading\">2. Je suis une personne<\/h2>\n\n\n\n<p class=\"is-style-text-subtitle is-style-text-subtitle--3\">Lorsque je travaille, je ne range pas mes identit\u00e9s et mes sensibilit\u00e9s au placard. Mieux : je travaille avec.<\/p>\n\n\n\n<p>Nous n&rsquo;allons pas faire semblant. <strong>Dire que je suis psychologue, \u00e7a ne dit pas grand chose, non&nbsp;?<\/strong> Hormis que j&rsquo;ai de nombreux privil\u00e8ges.<\/p>\n\n\n\n<p>J&rsquo;essaie d&rsquo;\u00eatre <strong>conscient de ces privil\u00e8ges, pour identifier comment ils peuvent jouer dans la qualit\u00e9 de mon travail avec vous<\/strong>.<\/p>\n\n\n\n<p>Je suis blanc, j&rsquo;ai grandi dans une famille combinant classe moyenne et populaire et j&rsquo;ai toujours eu suffisamment d&rsquo;aide pour manger \u00e0 ma faim chaque fin de mois. Une partie de ma famille \u00e9tendue est ais\u00e9e. J&rsquo;ai fait des \u00e9tudes universitaires et j&rsquo;ai les opportunit\u00e9s de financer des formations. Je suis autonome, en capacit\u00e9 de g\u00e9rer mes d\u00e9marches administratives&nbsp;(j&rsquo;ai m\u00eame pu changer de pr\u00e9nom&nbsp;!). <strong>Un paquet de privil\u00e8ges<\/strong>.<\/p>\n\n\n\n<p>D&rsquo;un autre c\u00f4t\u00e9, je suis moi-m\u00eame <strong>concern\u00e9 par des identit\u00e9s et des v\u00e9cus minoris\u00e9s<\/strong>. Ce qui pour moi est une richesse dans mon travail (et ailleurs, mais \u00e7a n&rsquo;est pas la question&nbsp;!)<\/p>\n\n\n\n<h3 class=\"wp-block-heading\"><strong>Je suis <a href=\"https:\/\/fr.wikipedia.org\/wiki\/Neurodiversit%C3%A9\" target=\"_blank\" rel=\"noreferrer noopener\">neurodivergent<\/a><\/strong><\/h3>\n\n\n\n<p>Pendant longtemps, <strong>l&rsquo;\u00e9cole et la famille n&rsquo;ont pas tr\u00e8s bien compris la mani\u00e8re dont je fonctionne<\/strong>, et donc mes besoins. J&rsquo;ai connu (longuement) l&rsquo;\u00e9chec scolaire. Ma passion de la compr\u00e9hension du fonctionnement humain m&rsquo;a port\u00e9 contre vents et marr\u00e9es \u00e0 obtenir un dipl\u00f4me \u00e0 l&rsquo;universit\u00e9.<\/p>\n\n\n\n<p>Aujourd&rsquo;hui, \u00e0 travers des t\u00e2tonnements, des suivis, des lectures de t\u00e9moignages, des \u00e9changes entre concern\u00e9\u00b7e\u00b7x\u00b7s, j&rsquo;ai trouv\u00e9 les adaptations personnelles et professionnelles qui me permettent une vie satisfaisante.<\/p>\n\n\n\n<h3 class=\"wp-block-heading\"><strong>Je me retrouve dans plusieurs lettres du sigle LGBTQIA+<\/strong><\/h3>\n\n\n\n<p>Disons que <strong>mon rapport au genre et \u00e0 la sexualit\u00e9 n&rsquo;a jamais \u00e9t\u00e9 tr\u00e8s h\u00e9t\u00e9ronorm\u00e9<\/strong>. J&rsquo;ai ainsi grandi en mettant de c\u00f4t\u00e9 ma sexualit\u00e9 et mon rapport au genre : \u00e0 la campagne, j&rsquo;\u00e9tais bien isol\u00e9, sans gens \u00e0 qui m&rsquo;identifier pour me construire.<\/p>\n\n\n\n<p>Aujourd&rsquo;hui, mon rapport au genre et ma neurodiversit\u00e9 sont reconnus par ma famille directe et mes ami\u00b7e\u00b7x\u00b7s.<\/p>\n\n\n\n<h3 class=\"wp-block-heading\"><strong>Et \u00e7a change quoi ?<\/strong><\/h3>\n\n\n\n<p class=\"is-style-text-subtitle is-style-text-subtitle--4\">Pour une part des psychologues, l\u00e6 psychologue est neutre, une page blanche&nbsp;: moi pas.<\/p>\n\n\n\n<p>Les psychologues sont des personnes, nous avons <strong>nos biais, nos sp\u00e9cificit\u00e9s, nos qualit\u00e9s et nos d\u00e9fauts<\/strong>. Cette diversit\u00e9 est une richesse&nbsp;!<\/p>\n\n\n\n<p>C&rsquo;est par choix que je donne ces informations en avance : choisir saon psychologue n&rsquo;est jamais facile (d&rsquo;exp\u00e9rience\u2026). Je veux cr\u00e9er une <strong>opportunit\u00e9 de rencontre pour celleux qui recherchent chez leur psychologue ces caract\u00e9ristiques, des positionnements ou valeurs similaires<\/strong>. Si ces informations vous aident \u00e0 savoir si je peux \u00eatre la bonne personne pour vous aider, c&rsquo;est superbe ! Et si non, c&rsquo;est tout \u00e0 fait ok.<\/p>\n<\/div>\n\n\n\n<h2 class=\"wp-block-heading is-style-default\">Et je suis \u00e9galement bien d&rsquo;autres choses<\/h2>\n\n\n\n<p class=\"is-style-default\">Vous en apprendrez probablement plus si nous nous rencontrons, notamment car il m&rsquo;arrive d&rsquo;illustrer des mod\u00e8les ou des situations \u00e0 partir d&rsquo;exemples personnels.<\/p>\n\n\n\n<p>Si vous le souhaitez, vous pouvez lire <a href=\"https:\/\/psyklev.fr\/index.php\/comment-je-travaille\/\" data-type=\"page\" data-id=\"15\">comment je travaille<\/a> pour voir comment j&rsquo;applique certains principes abord\u00e9s ici.<\/p>\n","protected":false},"excerpt":{"rendered":"<p>Il y a au moins deux niveaux de r\u00e9ponses \u00e0 cette question&nbsp;! 1. Je suis psychologue clinicien Une activit\u00e9 o\u00f9 il y a toujours \u00e0 apprendre. J&rsquo;ai diff\u00e9rentes sources de connaissances et exp\u00e9riences&nbsp;: 2. Je suis une personne Lorsque je travaille, je ne range pas mes identit\u00e9s et mes sensibilit\u00e9s au placard. Mieux : je [&hellip;]<\/p>\n","protected":false},"author":1,"featured_media":0,"parent":2,"menu_order":5,"comment_status":"closed","ping_status":"closed","template":"","meta":{"slim_seo":{"description":"Il y a au moins deux niveaux de r\u00e9ponses \u00e0 cette question\u00a0!","title":"Qui je suis - Klev Bockstal psychologue"},"footnotes":""},"class_list":["post-14","page","type-page","status-publish","hentry"],"_links":{"self":[{"href":"https:\/\/psyklev.fr\/index.php\/wp-json\/wp\/v2\/pages\/14","targetHints":{"allow":["GET"]}}],"collection":[{"href":"https:\/\/psyklev.fr\/index.php\/wp-json\/wp\/v2\/pages"}],"about":[{"href":"https:\/\/psyklev.fr\/index.php\/wp-json\/wp\/v2\/types\/page"}],"author":[{"embeddable":true,"href":"https:\/\/psyklev.fr\/index.php\/wp-json\/wp\/v2\/users\/1"}],"replies":[{"embeddable":true,"href":"https:\/\/psyklev.fr\/index.php\/wp-json\/wp\/v2\/comments?post=14"}],"version-history":[{"count":59,"href":"https:\/\/psyklev.fr\/index.php\/wp-json\/wp\/v2\/pages\/14\/revisions"}],"predecessor-version":[{"id":812,"href":"https:\/\/psyklev.fr\/index.php\/wp-json\/wp\/v2\/pages\/14\/revisions\/812"}],"up":[{"embeddable":true,"href":"https:\/\/psyklev.fr\/index.php\/wp-json\/wp\/v2\/pages\/2"}],"wp:attachment":[{"href":"https:\/\/psyklev.fr\/index.php\/wp-json\/wp\/v2\/media?parent=14"}],"curies":[{"name":"wp","href":"https:\/\/api.w.org\/{rel}","templated":true}]}}